{"id":559,"date":"2022-03-30T23:18:34","date_gmt":"2022-03-31T03:18:34","guid":{"rendered":"http:\/\/mhzpower.ca\/?post_type=product&#038;p=559"},"modified":"2023-09-01T22:35:11","modified_gmt":"2023-09-02T02:35:11","slug":"raspberry-pi-3","status":"publish","type":"product","link":"https:\/\/mhzpower.ca\/fr\/produit\/raspberry-pi-3\/","title":{"rendered":"Raspberry Pi 3"},"content":{"rendered":"<ul>\n<li>Prend en charge toutes les derni\u00e8res distributions ARM GNU\/Linux et Windows 10<\/li>\n<li>Chipset Broadcom BCM2837 fonctionnant \u00e0 1,2 GHz<\/li>\n<li>Le Raspberry Pi 3 ajoute une connectivit\u00e9 LAN sans fil et Bluetooth, ce qui en fait la solution id\u00e9ale pour les conceptions connect\u00e9es puissantes<\/li>\n<\/ul>","protected":false},"excerpt":{"rendered":"<p>Connectivit\u00e9 LAN sans fil et Bluetooth. 1,2 GHz 1 Go Ram<\/p>","protected":false},"featured_media":560,"template":"","meta":[],"product_brand":[],"product_cat":[56],"product_tag":[45,44],"class_list":{"0":"post-559","1":"product","2":"type-product","3":"status-publish","4":"has-post-thumbnail","6":"product_cat-computers","7":"product_tag-tested","8":"product_tag-used","9":"yith_shop_vendor-mhzpower","11":"first","12":"outofstock","13":"shipping-taxable","14":"purchasable","15":"product-type-simple"},"_links":{"self":[{"href":"https:\/\/mhzpower.ca\/fr\/wp-json\/wp\/v2\/product\/559","targetHints":{"allow":["GET"]}}],"collection":[{"href":"https:\/\/mhzpower.ca\/fr\/wp-json\/wp\/v2\/product"}],"about":[{"href":"https:\/\/mhzpower.ca\/fr\/wp-json\/wp\/v2\/types\/product"}],"wp:featuredmedia":[{"embeddable":true,"href":"https:\/\/mhzpower.ca\/fr\/wp-json\/wp\/v2\/media\/560"}],"wp:attachment":[{"href":"https:\/\/mhzpower.ca\/fr\/wp-json\/wp\/v2\/media?parent=559"}],"wp:term":[{"taxonomy":"product_brand","embeddable":true,"href":"https:\/\/mhzpower.ca\/fr\/wp-json\/wp\/v2\/product_brand?post=559"},{"taxonomy":"product_cat","embeddable":true,"href":"https:\/\/mhzpower.ca\/fr\/wp-json\/wp\/v2\/product_cat?post=559"},{"taxonomy":"product_tag","embeddable":true,"href":"https:\/\/mhzpower.ca\/fr\/wp-json\/wp\/v2\/product_tag?post=559"}],"curies":[{"name":"wp","href":"https:\/\/api.w.org\/{rel}","templated":true}]}}