{"id":510,"date":"2022-03-28T23:55:07","date_gmt":"2022-03-29T03:55:07","guid":{"rendered":"http:\/\/mhzpower.ca\/?post_type=product&#038;p=510"},"modified":"2022-04-03T18:49:52","modified_gmt":"2022-04-03T22:49:52","slug":"mini-hdmi-to-hdmi","status":"publish","type":"product","link":"https:\/\/mhzpower.ca\/fr\/produit\/mini-hdmi-to-hdmi\/","title":{"rendered":"Mini HDMI \u00e0 HDMI"},"content":{"rendered":"<p>Connectez le mini HDMI (HDMI Type C) m\u00e2le \u00e0 HDMI standard (HDMI Type A) femelle, adaptez un c\u00e2ble HDMI pour s'adapter \u00e0 un port Mini HDMI sur un ordinateur portable, un cam\u00e9scope, un appareil photo ou une tablette.<\/p>\n<ul>\n<li>Prise en charge du canal de retour audio (ARC), canal Ethernet HDMI (HEC), 48 bits Deep Color, 32 canaux audio, HDCP, True HD 7.1 audio et vid\u00e9o 3D.<\/li>\n<li>Prend en charge les r\u00e9solutions jusqu'\u00e0 4Kx2K (UHD) y compris 4096 x 2160, 3840 x 2160, 2560 x 1600, 2560 x 1440, 1920 x 1200, 1080p et r\u00e9trocompatible.<\/li>\n<\/ul>","protected":false},"excerpt":{"rendered":"<p>Adaptateur Mini HDMI \u00e0 HDMI<\/p>","protected":false},"featured_media":511,"template":"","meta":[],"product_brand":[],"product_cat":[50],"product_tag":[51],"class_list":{"0":"post-510","1":"product","2":"type-product","3":"status-publish","4":"has-post-thumbnail","6":"product_cat-cables-accessories","7":"product_tag-new","8":"yith_shop_vendor-mhzpower","10":"first","11":"instock","12":"shipping-taxable","13":"purchasable","14":"product-type-simple"},"_links":{"self":[{"href":"https:\/\/mhzpower.ca\/fr\/wp-json\/wp\/v2\/product\/510","targetHints":{"allow":["GET"]}}],"collection":[{"href":"https:\/\/mhzpower.ca\/fr\/wp-json\/wp\/v2\/product"}],"about":[{"href":"https:\/\/mhzpower.ca\/fr\/wp-json\/wp\/v2\/types\/product"}],"wp:featuredmedia":[{"embeddable":true,"href":"https:\/\/mhzpower.ca\/fr\/wp-json\/wp\/v2\/media\/511"}],"wp:attachment":[{"href":"https:\/\/mhzpower.ca\/fr\/wp-json\/wp\/v2\/media?parent=510"}],"wp:term":[{"taxonomy":"product_brand","embeddable":true,"href":"https:\/\/mhzpower.ca\/fr\/wp-json\/wp\/v2\/product_brand?post=510"},{"taxonomy":"product_cat","embeddable":true,"href":"https:\/\/mhzpower.ca\/fr\/wp-json\/wp\/v2\/product_cat?post=510"},{"taxonomy":"product_tag","embeddable":true,"href":"https:\/\/mhzpower.ca\/fr\/wp-json\/wp\/v2\/product_tag?post=510"}],"curies":[{"name":"wp","href":"https:\/\/api.w.org\/{rel}","templated":true}]}}