{"id":340,"date":"2020-11-23T17:49:15","date_gmt":"2020-11-23T22:49:15","guid":{"rendered":"http:\/\/mhzpower.ca\/?page_id=340"},"modified":"2020-11-26T04:54:43","modified_gmt":"2020-11-26T09:54:43","slug":"terms-conditions","status":"publish","type":"page","link":"https:\/\/mhzpower.ca\/fr\/terms-conditions\/","title":{"rendered":"Termes et Conditions"},"content":{"rendered":"<div data-elementor-type=\"wp-page\" data-elementor-id=\"340\" class=\"elementor elementor-340\">\n\t\t\t\t\t\t<section class=\"elementor-section elementor-top-section elementor-element elementor-element-4c43107 elementor-section-boxed elementor-section-height-default elementor-section-height-default\" data-id=\"4c43107\" data-element_type=\"section\" data-e-type=\"section\">\n\t\t\t\t\t\t<div class=\"elementor-container elementor-column-gap-default\">\n\t\t\t\t\t<div class=\"elementor-column elementor-col-100 elementor-top-column elementor-element elementor-element-4c29a62\" data-id=\"4c29a62\" data-element_type=\"column\" data-e-type=\"column\">\n\t\t\t<div class=\"elementor-widget-wrap elementor-element-populated\">\n\t\t\t\t\t\t<div class=\"elementor-element elementor-element-0a67d41 elementor-widget elementor-widget-text-editor\" data-id=\"0a67d41\" data-element_type=\"widget\" data-e-type=\"widget\" data-widget_type=\"text-editor.default\">\n\t\t\t\t<div class=\"elementor-widget-container\">\n\t\t\t\t\t\t\t\t\t<h2>Termes et Conditions<\/h2>\t\t\t\t\t\t\t\t<\/div>\n\t\t\t\t<\/div>\n\t\t\t\t<div class=\"elementor-element elementor-element-f398fa3 elementor-widget elementor-widget-text-editor\" data-id=\"f398fa3\" data-element_type=\"widget\" data-e-type=\"widget\" data-widget_type=\"text-editor.default\">\n\t\t\t\t<div class=\"elementor-widget-container\">\n\t\t\t\t\t\t\t\t\t<p>1. Termes<br \/>a. En acc\u00e9dant \u00e0 Mhzpower.ca, vous acceptez d\u2019\u00eatre li\u00e9 par les pr\u00e9sentes conditions d\u2019utilisation du site web, toutes les lois et r\u00e9glementations applicables et acceptez d\u2019\u00eatre responsable du respect des lois locales applicables.<\/p><p>Si vous n\u2019\u00eates pas d\u2019accord avec l\u2019un de ces termes, il vous est interdit d\u2019utiliser ou d\u2019acc\u00e9der \u00e0 ce site.<\/p><p>Le contenu (textes, images, fichiers, logo, favicon, code QR, informations de tous genres et tout autres \u00e9l\u00e9ments de ce site web) est prot\u00e9g\u00e9 par les lois sur les droits d\u2019auteur et les marques de commerce applicables.<\/p><p>b. D\u00e9ni de responsabilit\u00e9<br \/>i. .Mhzpower.ca et ses soci\u00e9t\u00e9s affili\u00e9es et ses soci\u00e9t\u00e9s m\u00e8res ne sont aucunement responsables de la qualit\u00e9 du travail, des paiements ou de toute autre affaire entre le Client et les Membres (Entrepreneurs, Contracteurs, Homme \u00e0 tout faire et tous les autres travailleurs de l\u2019industrie).<\/p><p>ii. Mhzpower.ca et ses soci\u00e9t\u00e9s affili\u00e9es et ses soci\u00e9t\u00e9s m\u00e8res ne seront jamais impliqu\u00e9es dans un diff\u00e9rend entre les parties et reste un fournisseur de services objectif qui aide les parties \u00e0 se trouver mutuellement pour les services requis.<\/p><p>iii. Tous les probl\u00e8mes ou diff\u00e9rends doivent \u00eatre r\u00e9gl\u00e9s entre les Clients et les Membres (Entrepreneurs, Contracteurs, Homme \u00e0 tout faire et tous les autres travailleurs sp\u00e9cialis\u00e9s);<\/p><p>iv. Mhzpower.ca et ses filiales et ses soci\u00e9t\u00e9s m\u00e8res ne seront pas tenues responsables de la v\u00e9racit\u00e9 des informations pr\u00e9sent\u00e9es sur les profils des membres (entrepreneurs, entrepreneurs, bricoleur et tous les autres travailleurs de l\u2019industrie).<\/p><p>2. Utilisation de la licence<br \/>a. La permission est accord\u00e9e de t\u00e9l\u00e9charger temporairement une copie du mat\u00e9riel sur le site web de Mhzpower pour un visionnement personnel et non commercial seulement.<\/p><p>Vous ne pouvez pas:<br \/>i. Modifier ou copier le contenu;<\/p><p>ii. Utiliser le contenu \u00e0 des fins commerciales ou pour tout affichage public (commercial ou non commercial);<\/p><p>iii. Tenter de d\u00e9compiler ou d\u2019ex\u00e9cuter de l\u2019ing\u00e9nierie invers\u00e9e sur tout logiciel contenu sur le site web de Mhzpower;<\/p><p>iv. Supprimer tout droit d\u2019auteur ou toute autre mention de propri\u00e9t\u00e9 des documents; ou<\/p><p>v. Transf\u00e9rer les documents \u00e0 une autre personne ou \u00abreproduire\u00bb les documents sur un autre serveur.<\/p><p>Cette licence prendra fin automatiquement si vous ne respectez pas l\u2019une de ces restrictions et Mhzpower peut \u00e0 tout moment la r\u00e9silier selon son gr\u00e9.<\/p><p>D\u00e8s la fin de votre visionnement de ces documents ou \u00e0 la fin de cette licence, vous devez d\u00e9truire tous documents t\u00e9l\u00e9charg\u00e9s en votre possession que ce soit sous forme \u00e9lectronique ou imprim\u00e9e.<\/p><p>3. D\u00e9ni de responsabilit\u00e9<br \/>Les documents sur le site web de Mhzpower sont fournis \u00abtels quels\u00bb. Mhzpower n\u2019\u00e9met aucune garantie explicite ou implicite, d\u00e9cline et nie par la pr\u00e9sente toutes garanties, y compris sans limitation, les garanties implicites ou les conditions de qualit\u00e9 marchande, ajustement pour un usage particulier, ou de non-violation de propri\u00e9t\u00e9 intellectuelle ou toute autre violation des droits.<br \/>De plus, Mhzpower ne garantit ni ne fait aucune d\u00e9claration concernant l\u2019exactitude, les r\u00e9sultats probables ou la fiabilit\u00e9 de l\u2019utilisation des documents sur son site Internet\/App ou autrement, li\u00e9s \u00e0 ces documents ou sur les sites li\u00e9s \u00e0 ce site\/App.<\/p><p>4. Limitations<br \/>En aucun cas, Mhzpower ou ses fournisseurs ne peuvent \u00eatre tenus responsables de tout dommage (y compris, sans limitation, dommages pour perte de donn\u00e9es ou de profit, ou en raison d\u2019une interruption des activit\u00e9s) r\u00e9sultant de l\u2019utilisation ou de l\u2019impossibilit\u00e9 d\u2019utiliser le contenu sur le site web de Mhzpower, m\u00eame si Mhzpower ou un de ses repr\u00e9sentants autoris\u00e9s a \u00e9t\u00e9 avis\u00e9 verbalement ou par \u00e9crit de la possibilit\u00e9 de tels dommages.<\/p><p>\u00c9tant donn\u00e9 que certaines juridictions n\u2019autorisent pas les limitations sur les garanties implicites ou les limitations de responsabilit\u00e9 pour les dommages indirects ou accessoires, ces limitations peuvent ne pas s\u2019appliquer \u00e0 vous.<\/p><p>5. R\u00e9visions et errata<br \/>Les documents apparaissant sur le site web de Mhzpower pourraient inclure des erreurs techniques, typographiques ou photographiques. Mhzpower ne garantit aucunement que les documents sont exacts, complets ou \u00e0 jour. Mhzpower peut apporter des modifications au contenu de son site \u00e0 tout moment et sans pr\u00e9avis. Mhzpower ne s\u2019engage toutefois pas \u00e0 mettre \u00e0 jour les documents<\/p><p>6. Liens<br \/>Mhzpower n\u2019a pas examin\u00e9 tous les sites web li\u00e9s \u00e0 son site Internet et n\u2019est pas responsable du contenu de ces sites li\u00e9s. L\u2019inclusion de tout lien n\u2019implique pas l\u2019approbation par Mhzpower du site. L\u2019utilisation de tout site web li\u00e9 est aux risques et p\u00e9rils de l\u2019utilisateur.<\/p><p>7. Modifications des conditions d\u2019utilisation du site<br \/>Mhzpower peut r\u00e9viser les conditions d\u2019utilisation de son site web \u00e0 tout moment sans pr\u00e9avis. En utilisant ce site web, vous acceptez d\u2019\u00eatre li\u00e9 par la version alors en vigueur des pr\u00e9sentes conditions d\u2019utilisation.<\/p><p>8. Loi applicable<br \/>Toute r\u00e9clamation relative au site web de Mhzpower sera r\u00e9gie par les lois de l\u2019\u00c9tat du Qu\u00e9bec, Canada, sans \u00e9gard \u00e0 ses dispositions relatives aux conflits de lois, conditions g\u00e9n\u00e9rales et conditions applicables \u00e0 l\u2019utilisation d\u2019un site web.<\/p><p>9. Paiements s\u00e9curis\u00e9s<br \/>Mhzpower.ca App., Les sites Web et les plates-formes sont toutes s\u00e9curis\u00e9es et utilisent la certification SSL. Les paiements de nos clients pour les abonnements sont trait\u00e9s par des tiers PayPal et Stripe qui souscrivent tous les deux aux protocoles de s\u00e9curit\u00e9 les plus stricts et les plus r\u00e9cents.<\/p><p>L\u2019application Mhzpower.ca, les sites Web et les plates-formes ne divulgueront jamais publiquement des donn\u00e9es personnelles ou sensibles sur les utilisateurs li\u00e9es \u00e0 des activit\u00e9s financi\u00e8res ou de paiement ou des num\u00e9ros d\u2019identification gouvernementaux.<\/p><p>Nous nous engageons \u00e0 mener nos activit\u00e9s conform\u00e9ment aux pr\u00e9sentes Conditions g\u00e9n\u00e9rales afin de garantir que la confidentialit\u00e9 des informations personnelles est prot\u00e9g\u00e9e et maintenue.<\/p><p><strong>\u00c9quipe de direction<br \/>Mhzpower<\/strong><br \/><span style=\"color: #3366ff;\"><a style=\"color: #3366ff;\" href=\"mailto:contact@mhzpower.net\">contact@mhzpower.net<\/a><\/span><\/p>\t\t\t\t\t\t\t\t<\/div>\n\t\t\t\t<\/div>\n\t\t\t\t\t<\/div>\n\t\t<\/div>\n\t\t\t\t\t<\/div>\n\t\t<\/section>\n\t\t\t\t<\/div>","protected":false},"excerpt":{"rendered":"<p>Terms &amp; Conditions 1. Termsa. By accessing Mhzpower.ca, you agree to be bound by these website terms of use, all applicable laws and regulations, and agree<span class=\"excerpt-hellip\"> [\u2026]<\/span><\/p>\n","protected":false},"author":2,"featured_media":0,"parent":0,"menu_order":0,"comment_status":"closed","ping_status":"closed","template":"","meta":{"footnotes":""},"class_list":["post-340","page","type-page","status-publish","hentry"],"_links":{"self":[{"href":"https:\/\/mhzpower.ca\/fr\/wp-json\/wp\/v2\/pages\/340","targetHints":{"allow":["GET"]}}],"collection":[{"href":"https:\/\/mhzpower.ca\/fr\/wp-json\/wp\/v2\/pages"}],"about":[{"href":"https:\/\/mhzpower.ca\/fr\/wp-json\/wp\/v2\/types\/page"}],"author":[{"embeddable":true,"href":"https:\/\/mhzpower.ca\/fr\/wp-json\/wp\/v2\/users\/2"}],"replies":[{"embeddable":true,"href":"https:\/\/mhzpower.ca\/fr\/wp-json\/wp\/v2\/comments?post=340"}],"version-history":[{"count":22,"href":"https:\/\/mhzpower.ca\/fr\/wp-json\/wp\/v2\/pages\/340\/revisions"}],"predecessor-version":[{"id":401,"href":"https:\/\/mhzpower.ca\/fr\/wp-json\/wp\/v2\/pages\/340\/revisions\/401"}],"wp:attachment":[{"href":"https:\/\/mhzpower.ca\/fr\/wp-json\/wp\/v2\/media?parent=340"}],"curies":[{"name":"wp","href":"https:\/\/api.w.org\/{rel}","templated":true}]}}