{"id":332,"date":"2020-11-23T17:43:49","date_gmt":"2020-11-23T22:43:49","guid":{"rendered":"http:\/\/mhzpower.ca\/?page_id=332"},"modified":"2020-11-26T03:45:58","modified_gmt":"2020-11-26T08:45:58","slug":"privacy-policy","status":"publish","type":"page","link":"https:\/\/mhzpower.ca\/fr\/privacy-policy\/","title":{"rendered":"Politique de confidentialit\u00e9"},"content":{"rendered":"<div data-elementor-type=\"wp-page\" data-elementor-id=\"332\" class=\"elementor elementor-332\">\n\t\t\t\t\t\t<section class=\"elementor-section elementor-top-section elementor-element elementor-element-4c43107 elementor-section-boxed elementor-section-height-default elementor-section-height-default\" data-id=\"4c43107\" data-element_type=\"section\" data-e-type=\"section\">\n\t\t\t\t\t\t<div class=\"elementor-container elementor-column-gap-default\">\n\t\t\t\t\t<div class=\"elementor-column elementor-col-100 elementor-top-column elementor-element elementor-element-4c29a62\" data-id=\"4c29a62\" data-element_type=\"column\" data-e-type=\"column\">\n\t\t\t<div class=\"elementor-widget-wrap elementor-element-populated\">\n\t\t\t\t\t\t<div class=\"elementor-element elementor-element-0a67d41 elementor-widget elementor-widget-text-editor\" data-id=\"0a67d41\" data-element_type=\"widget\" data-e-type=\"widget\" data-widget_type=\"text-editor.default\">\n\t\t\t\t<div class=\"elementor-widget-container\">\n\t\t\t\t\t\t\t\t\t<h2>Politique de confidentialit\u00e9<\/h2>\t\t\t\t\t\t\t\t<\/div>\n\t\t\t\t<\/div>\n\t\t\t\t<div class=\"elementor-element elementor-element-807339b elementor-widget elementor-widget-text-editor\" data-id=\"807339b\" data-element_type=\"widget\" data-e-type=\"widget\" data-widget_type=\"text-editor.default\">\n\t\t\t\t<div class=\"elementor-widget-container\">\n\t\t\t\t\t\t\t\t\t<p> \u00c0 propos de notre Politique de Confidentialit\u00e9 <\/p>\n<p> Mhzpower reconna\u00eet l\u2019importance de prot\u00e9ger votre vie priv\u00e9e et vos informations personnelles. C\u2019est pourquoi Mhzpower a cr\u00e9\u00e9 cette d\u00e9claration de confidentialit\u00e9 afin de d\u00e9montrer son engagement ferme en ce qui a trait \u00e0 la confidentialit\u00e9 des renseignements personnels fournis par ceux qui visitent, interagissent et utilisent nos services. <\/p>\n<p> Mhzpower respecte votre confidentialit\u00e9 et s\u2019engage \u00e0 ne pas utiliser ni communiquer vos renseignements personnels quels qu\u2019ils soient et \u00e0 qui que ce soit conform\u00e9ment \u00e0 la pr\u00e9sente politique de protection de l\u2019information et la confidentialit\u00e9 et aux standards internationaux dans la collecte et la protection de donn\u00e9es. <\/p>\n<p> Cette politique sera \u00e9valu\u00e9e en permanence et selon les nouvelles technologies, les pratiques commerciales et les besoins de nos clients. <\/p>\n<p> De plus, en tout temps, si vous ne d\u00e9sirez plus recevoir d\u2019informations de notre part, de quelque fa\u00e7on que ce soit, veuillez nous en informer en nous envoyant un courriel \u00e0 contact@optimisationsiteweb.ca en \u00e9crivant \u201cD\u00e9sabonnement\u201d dans le sujet du message OU utilisez simplement le lien \u201cSe d\u00e9sinscrire\u201d qui se trouve \u00e0 la fin de notre infolettre. <\/p>\n<p> Prenez \u00e9galement note que <\/p>\n<ul>\n<li> Avant ou au moment de la collecte des informations personnelles, nous identifierons les finalit\u00e9s pour lesquelles les informations sont collect\u00e9es. <\/li>\n<li> Nous recueillerons et utiliserons des informations personnelles uniquement dans le but d\u2019atteindre les objectifs sp\u00e9cifi\u00e9s par nous et \u00e0 d\u2019autres fins compatibles, sauf si nous obtenons le consentement de l\u2019individu concern\u00e9 ou tel que requis par la loi.<\/li>\n<li> Nous ne conserverons les informations personnelles que le temps n\u00e9cessaire \u00e0 la r\u00e9alisation de ces objectifs. <\/li>\n<li> Nous recueillerons des informations personnelles par des moyens l\u00e9gaux et \u00e9quitables et, le cas \u00e9ch\u00e9ant, avec la connaissance ou le consentement de la personne concern\u00e9e. <\/li>\n<li> Les donn\u00e9es personnelles doivent \u00eatre pertinentes aux fins pour lesquelles elles doivent \u00eatre utilis\u00e9es et, dans la mesure n\u00e9cessaire \u00e0 ces fins, doivent \u00eatre exactes, compl\u00e8tes et \u00e0 jour. <\/li>\n<li> Nous prot\u00e9gerons les renseignements personnels par des mesures de s\u00e9curit\u00e9 raisonnables contre la perte ou le vol, ainsi que l\u2019acc\u00e8s non autoris\u00e9, la divulgation, la copie, l\u2019utilisation ou la modification. <\/li>\n<li> Nous mettrons \u00e0 la disposition des clients des informations sur nos politiques et pratiques relatives \u00e0 la gestion des informations personnelles.<\/li>\n<\/ul>\n&nbsp;\n<p> Nous nous engageons \u00e0 mener nos activit\u00e9s conform\u00e9ment \u00e0 ces principes afin de garantir que la confidentialit\u00e9 des renseignements personnels est prot\u00e9g\u00e9e et maintenue. <\/p>\n<p> <strong> \u00c9quipe de direction <br \/> Mhzpower <\/strong> <br \/> <span style = \"color: # 3366ff;\"> <a style = \"color: # 3366ff;\" href = \"mailto: contact@mhzpower.net\"> contact@mhzpower.net <\/a> <\/span>\t\t\t\t\t\t\t\t<\/div>\n\t\t\t\t<\/div>\n\t\t\t\t\t<\/div>\n\t\t<\/div>\n\t\t\t\t\t<\/div>\n\t\t<\/section>\n\t\t\t\t<\/div>","protected":false},"excerpt":{"rendered":"<p>Privacy Policy About our Privacy Policy Mhzpower recognizes the importance of protecting your privacy and personal information. This is why Mhzpower has created this privacy statement<span class=\"excerpt-hellip\"> [\u2026]<\/span><\/p>\n","protected":false},"author":2,"featured_media":0,"parent":0,"menu_order":0,"comment_status":"closed","ping_status":"closed","template":"","meta":{"footnotes":""},"class_list":["post-332","page","type-page","status-publish","hentry"],"_links":{"self":[{"href":"https:\/\/mhzpower.ca\/fr\/wp-json\/wp\/v2\/pages\/332","targetHints":{"allow":["GET"]}}],"collection":[{"href":"https:\/\/mhzpower.ca\/fr\/wp-json\/wp\/v2\/pages"}],"about":[{"href":"https:\/\/mhzpower.ca\/fr\/wp-json\/wp\/v2\/types\/page"}],"author":[{"embeddable":true,"href":"https:\/\/mhzpower.ca\/fr\/wp-json\/wp\/v2\/users\/2"}],"replies":[{"embeddable":true,"href":"https:\/\/mhzpower.ca\/fr\/wp-json\/wp\/v2\/comments?post=332"}],"version-history":[{"count":17,"href":"https:\/\/mhzpower.ca\/fr\/wp-json\/wp\/v2\/pages\/332\/revisions"}],"predecessor-version":[{"id":395,"href":"https:\/\/mhzpower.ca\/fr\/wp-json\/wp\/v2\/pages\/332\/revisions\/395"}],"wp:attachment":[{"href":"https:\/\/mhzpower.ca\/fr\/wp-json\/wp\/v2\/media?parent=332"}],"curies":[{"name":"wp","href":"https:\/\/api.w.org\/{rel}","templated":true}]}}