{"id":251,"date":"2020-11-21T23:33:29","date_gmt":"2020-11-22T04:33:29","guid":{"rendered":"http:\/\/mhzpower.ca\/?page_id=251"},"modified":"2021-06-24T02:40:37","modified_gmt":"2021-06-24T06:40:37","slug":"computer-services","status":"publish","type":"page","link":"https:\/\/mhzpower.ca\/fr\/computer-services\/","title":{"rendered":"Services Informatiques"},"content":{"rendered":"<div data-elementor-type=\"wp-page\" data-elementor-id=\"251\" class=\"elementor elementor-251\">\n\t\t\t\t\t\t<section class=\"elementor-section elementor-top-section elementor-element elementor-element-b8d4e19 elementor-section-full_width elementor-section-stretched elementor-section-height-default elementor-section-height-default\" data-id=\"b8d4e19\" data-element_type=\"section\" data-e-type=\"section\" data-settings=\"{&quot;stretch_section&quot;:&quot;section-stretched&quot;,&quot;background_background&quot;:&quot;classic&quot;}\">\n\t\t\t\t\t\t<div class=\"elementor-container elementor-column-gap-default\">\n\t\t\t\t\t<div class=\"elementor-column elementor-col-100 elementor-top-column elementor-element elementor-element-80bc955\" data-id=\"80bc955\" data-element_type=\"column\" data-e-type=\"column\">\n\t\t\t<div class=\"elementor-widget-wrap elementor-element-populated\">\n\t\t\t\t\t\t<div class=\"elementor-element elementor-element-2aff622 elementor-widget elementor-widget-text-editor\" data-id=\"2aff622\" data-element_type=\"widget\" data-e-type=\"widget\" data-widget_type=\"text-editor.default\">\n\t\t\t\t<div class=\"elementor-widget-container\">\n\t\t\t\t\t\t\t\t\t<h6 style=\"text-align: center;\"><a href=\"https:\/\/mhzpower.ca\/fr\/\">Mhzpower<\/a> &#8211; <a href=\"https:\/\/mhzpower.ca\/fr\/computer-services\/\">Services informatique<\/a> - Service de r\u00e9paration - Mises \u00e0 jour et s\u00e9curit\u00e9 - Gestion de r\u00e9seau - Ordinateur personnalis\u00e9 - Support Informatique - Sauvegardes et Restorations - Syst\u00e8mes informatiques - Diagnostic - R\u00e9paration de syst\u00e8mes informatiques - Mise \u00e0 jour du syst\u00e8me d'exploitation - Configuration de la s\u00e9curit\u00e9 - Service de soutien informatique - R\u00e9seaux R\u00e9sidentiels - Commerciaux - R\u00e9seaux - Assemblage de syst\u00e8mes informatiques - Service de soutien informatique - Sauvegarde de vos donn\u00e9es - Restaurations - R\u00e9cup\u00e9ration de donn\u00e9es - Service de r\u00e9cup\u00e9ration de donn\u00e9es - <a href=\"https:\/\/mhzpower.ca\/fr\/website-design\/\">Conception Web et Design<\/a> &#8211; <a href=\"https:\/\/mhzpower.ca\/fr\/graphics-and-design\/\">Graphisme et design<\/a> &#8211; <a href=\"https:\/\/mhzpower.ca\/fr\/seo-services\/\">Services SEO<\/a> &#8211; <a href=\"https:\/\/mhzpower.ca\/fr\/privacy-policy\/\">Politique de confidentialit\u00e9<\/a> &#8211; <a href=\"https:\/\/mhzpower.ca\/fr\/terms-conditions\/\">Termes et Conditions<\/a> &#8211;\u00a0<a href=\"https:\/\/mhzpower.ca\/fr\/contact\/\">Contactez-nous<\/a> &#8211; <a href=\"https:\/\/info-clic.com\/\" target=\"_blank\" rel=\"noopener\">Info-Clic Social<\/a> &#8211; <a href=\"https:\/\/info-clic.info\/\" target=\"_blank\" rel=\"noopener\">Info-Clic Entreprise<\/a> &#8211; <a href=\"https:\/\/reservxpert.ca\/\" target=\"_blank\" rel=\"noopener\">ReservXpert<\/a> &#8211; <a href=\"https:\/\/hebergement.reservxpert.ca\/\" target=\"_blank\" rel=\"noopener\">ReservXpert Systems de R\u00e9servation<\/a> &#8211; <a href=\"https:\/\/formation.reservxpert.ca\/\" target=\"_blank\" rel=\"noopener\">ReservXpert Formation<\/a> &#8211; <a href=\"https:\/\/reservxpert.ca\/rendez-vous\/\" target=\"_blank\" rel=\"noopener\">ReservXpert Prise de Rendez-vous<\/a><\/h6>\t\t\t\t\t\t\t\t<\/div>\n\t\t\t\t<\/div>\n\t\t\t\t\t<\/div>\n\t\t<\/div>\n\t\t\t\t\t<\/div>\n\t\t<\/section>\n\t\t\t\t<\/div>","protected":false},"excerpt":{"rendered":"<p>Mhzpower &#8211; Computer services &#8211; Repair service &#8211; Updates and Security &#8211; Network management &#8211; Custom computer &#8211; Computer support &#8211; Backup and restore &#8211; Computer<span class=\"excerpt-hellip\"> [\u2026]<\/span><\/p>\n","protected":false},"author":1,"featured_media":0,"parent":0,"menu_order":0,"comment_status":"closed","ping_status":"closed","template":"","meta":{"footnotes":""},"class_list":["post-251","page","type-page","status-publish","hentry"],"_links":{"self":[{"href":"https:\/\/mhzpower.ca\/fr\/wp-json\/wp\/v2\/pages\/251","targetHints":{"allow":["GET"]}}],"collection":[{"href":"https:\/\/mhzpower.ca\/fr\/wp-json\/wp\/v2\/pages"}],"about":[{"href":"https:\/\/mhzpower.ca\/fr\/wp-json\/wp\/v2\/types\/page"}],"author":[{"embeddable":true,"href":"https:\/\/mhzpower.ca\/fr\/wp-json\/wp\/v2\/users\/1"}],"replies":[{"embeddable":true,"href":"https:\/\/mhzpower.ca\/fr\/wp-json\/wp\/v2\/comments?post=251"}],"version-history":[{"count":5,"href":"https:\/\/mhzpower.ca\/fr\/wp-json\/wp\/v2\/pages\/251\/revisions"}],"predecessor-version":[{"id":437,"href":"https:\/\/mhzpower.ca\/fr\/wp-json\/wp\/v2\/pages\/251\/revisions\/437"}],"wp:attachment":[{"href":"https:\/\/mhzpower.ca\/fr\/wp-json\/wp\/v2\/media?parent=251"}],"curies":[{"name":"wp","href":"https:\/\/api.w.org\/{rel}","templated":true}]}}