{"id":245,"date":"2020-11-21T23:01:46","date_gmt":"2020-11-22T04:01:46","guid":{"rendered":"http:\/\/mhzpower.ca\/?page_id=245"},"modified":"2021-06-24T02:44:20","modified_gmt":"2021-06-24T06:44:20","slug":"seo-services","status":"publish","type":"page","link":"https:\/\/mhzpower.ca\/fr\/seo-services\/","title":{"rendered":"Services SEO"},"content":{"rendered":"<div data-elementor-type=\"wp-page\" data-elementor-id=\"245\" class=\"elementor elementor-245\">\n\t\t\t\t\t\t<section class=\"elementor-section elementor-top-section elementor-element elementor-element-7260a70 elementor-section-full_width elementor-section-stretched elementor-section-height-default elementor-section-height-default\" data-id=\"7260a70\" data-element_type=\"section\" data-e-type=\"section\" data-settings=\"{&quot;stretch_section&quot;:&quot;section-stretched&quot;,&quot;background_background&quot;:&quot;classic&quot;}\">\n\t\t\t\t\t\t<div class=\"elementor-container elementor-column-gap-default\">\n\t\t\t\t\t<div class=\"elementor-column elementor-col-100 elementor-top-column elementor-element elementor-element-5d252a9\" data-id=\"5d252a9\" data-element_type=\"column\" data-e-type=\"column\">\n\t\t\t<div class=\"elementor-widget-wrap elementor-element-populated\">\n\t\t\t\t\t\t<div class=\"elementor-element elementor-element-431a54d elementor-widget elementor-widget-text-editor\" data-id=\"431a54d\" data-element_type=\"widget\" data-e-type=\"widget\" data-widget_type=\"text-editor.default\">\n\t\t\t\t<div class=\"elementor-widget-container\">\n\t\t\t\t\t\t\t\t\t<h6 style=\"text-align: center;\"><a href=\"https:\/\/mhzpower.ca\/fr\/\">Mhzpower<\/a> &#8211; <a href=\"https:\/\/mhzpower.ca\/fr\/seo-services\/\">Services SEO<\/a> - Services SEO - R\u00e9f\u00e9rencement - SEO - Search Engine Optimization - Optimisation - Visibilit\u00e9 - Technique Web - Indexation - Mots cl\u00e9s - \u00c9l\u00e9ments - Crit\u00e8res - Premiers r\u00e9sultats - Experts - <a href=\"https:\/\/mhzpower.ca\/fr\/website-design\/\">Conception Web et Design<\/a> &#8211; <a href=\"https:\/\/mhzpower.ca\/fr\/graphics-and-design\/\">Graphisme et design<\/a> &#8211; <a href=\"https:\/\/mhzpower.ca\/fr\/computer-services\/\">Services informatique<\/a> &#8211; <a href=\"https:\/\/mhzpower.ca\/fr\/privacy-policy\/\">Politique de confidentialit\u00e9<\/a> &#8211; <a href=\"https:\/\/mhzpower.ca\/fr\/terms-conditions\/\">Termes et Conditions<\/a> &#8211;\u00a0<a href=\"https:\/\/mhzpower.ca\/fr\/contact\/\">Contactez-nous<\/a> &#8211; <a href=\"https:\/\/info-clic.com\/\" target=\"_blank\" rel=\"noopener\">Info-Clic Social<\/a> &#8211; <a href=\"https:\/\/info-clic.info\/\" target=\"_blank\" rel=\"noopener\">Info-Clic Entreprise<\/a> &#8211; <a href=\"https:\/\/reservxpert.ca\/\" target=\"_blank\" rel=\"noopener\">ReservXpert<\/a> &#8211; <a href=\"https:\/\/hebergement.reservxpert.ca\/\" target=\"_blank\" rel=\"noopener\">ReservXpert Systems de R\u00e9servation<\/a> &#8211; <a href=\"https:\/\/formation.reservxpert.ca\/\" target=\"_blank\" rel=\"noopener\">ReservXpert Formation<\/a> &#8211; <a href=\"https:\/\/reservxpert.ca\/rendez-vous\/\" target=\"_blank\" rel=\"noopener\">ReservXpert Prise de Rendez-vous<\/a><\/h6>\t\t\t\t\t\t\t\t<\/div>\n\t\t\t\t<\/div>\n\t\t\t\t\t<\/div>\n\t\t<\/div>\n\t\t\t\t\t<\/div>\n\t\t<\/section>\n\t\t\t\t<\/div>","protected":false},"excerpt":{"rendered":"<p>Mhzpower &#8211; SEO services &#8211; SEO Services &#8211; Referencing &#8211; SEO &#8211; Search Engine Optimization &#8211; Optimization &#8211; Visibility &#8211; Web technique &#8211; Indexing &#8211; Keywords<span class=\"excerpt-hellip\"> [\u2026]<\/span><\/p>\n","protected":false},"author":1,"featured_media":0,"parent":0,"menu_order":0,"comment_status":"closed","ping_status":"closed","template":"","meta":{"footnotes":""},"class_list":["post-245","page","type-page","status-publish","hentry"],"_links":{"self":[{"href":"https:\/\/mhzpower.ca\/fr\/wp-json\/wp\/v2\/pages\/245","targetHints":{"allow":["GET"]}}],"collection":[{"href":"https:\/\/mhzpower.ca\/fr\/wp-json\/wp\/v2\/pages"}],"about":[{"href":"https:\/\/mhzpower.ca\/fr\/wp-json\/wp\/v2\/types\/page"}],"author":[{"embeddable":true,"href":"https:\/\/mhzpower.ca\/fr\/wp-json\/wp\/v2\/users\/1"}],"replies":[{"embeddable":true,"href":"https:\/\/mhzpower.ca\/fr\/wp-json\/wp\/v2\/comments?post=245"}],"version-history":[{"count":10,"href":"https:\/\/mhzpower.ca\/fr\/wp-json\/wp\/v2\/pages\/245\/revisions"}],"predecessor-version":[{"id":440,"href":"https:\/\/mhzpower.ca\/fr\/wp-json\/wp\/v2\/pages\/245\/revisions\/440"}],"wp:attachment":[{"href":"https:\/\/mhzpower.ca\/fr\/wp-json\/wp\/v2\/media?parent=245"}],"curies":[{"name":"wp","href":"https:\/\/api.w.org\/{rel}","templated":true}]}}