{"id":238,"date":"2020-11-21T00:59:25","date_gmt":"2020-11-21T05:59:25","guid":{"rendered":"http:\/\/mhzpower.ca\/?page_id=238"},"modified":"2021-06-24T02:43:20","modified_gmt":"2021-06-24T06:43:20","slug":"website-design","status":"publish","type":"page","link":"https:\/\/mhzpower.ca\/fr\/website-design\/","title":{"rendered":"Conception Web"},"content":{"rendered":"<div data-elementor-type=\"wp-page\" data-elementor-id=\"238\" class=\"elementor elementor-238\">\n\t\t\t\t\t\t<section class=\"elementor-section elementor-top-section elementor-element elementor-element-41813bb elementor-section-full_width elementor-section-stretched elementor-section-height-default elementor-section-height-default\" data-id=\"41813bb\" data-element_type=\"section\" data-e-type=\"section\" data-settings=\"{&quot;stretch_section&quot;:&quot;section-stretched&quot;,&quot;background_background&quot;:&quot;classic&quot;}\">\n\t\t\t\t\t\t<div class=\"elementor-container elementor-column-gap-default\">\n\t\t\t\t\t<div class=\"elementor-column elementor-col-100 elementor-top-column elementor-element elementor-element-7981ec0\" data-id=\"7981ec0\" data-element_type=\"column\" data-e-type=\"column\">\n\t\t\t<div class=\"elementor-widget-wrap elementor-element-populated\">\n\t\t\t\t\t\t<div class=\"elementor-element elementor-element-0f85366 elementor-widget elementor-widget-text-editor\" data-id=\"0f85366\" data-element_type=\"widget\" data-e-type=\"widget\" data-widget_type=\"text-editor.default\">\n\t\t\t\t<div class=\"elementor-widget-container\">\n\t\t\t\t\t\t\t\t\t<h6 style=\"text-align: center;\"><a href=\"https:\/\/mhzpower.ca\/fr\/\">Mhzpower<\/a> &#8211; <a href=\"https:\/\/mhzpower.ca\/fr\/website-design\/\">Conception Web et Design<\/a> Pr\u00e9sence sur le Web - Service cl\u00e9 en main - Site Web statique - Site Web dynamique - Boutique en ligne - Site Web transactionnel - Gestion d\u2019inventaire - Panier d'achat - Transactions s\u00e9curis\u00e9es - Importation - Exportation des commandes - Taxes de vente - Toutes les devises - Rabais flexibles - Service en continu - Mises \u00e0 jour r\u00e9guli\u00e8res - Promotions - <a href=\"https:\/\/mhzpower.ca\/fr\/graphics-and-design\/\">Graphisme et design<\/a> &#8211; <a href=\"https:\/\/mhzpower.ca\/fr\/seo-services\/\">Services SEO<\/a> &#8211; <a href=\"https:\/\/mhzpower.ca\/fr\/computer-services\/\">Services informatique<\/a> &#8211; <a href=\"https:\/\/mhzpower.ca\/fr\/privacy-policy\/\">Politique de confidentialit\u00e9<\/a> &#8211; <a href=\"https:\/\/mhzpower.ca\/fr\/terms-conditions\/\">Termes et Conditions<\/a> &#8211;\u00a0<a href=\"https:\/\/mhzpower.ca\/fr\/contact\/\">Contactez-nous<\/a> &#8211; <a href=\"https:\/\/info-clic.com\/\" target=\"_blank\" rel=\"noopener\">Info-Clic Social<\/a> &#8211; <a href=\"https:\/\/info-clic.info\/\" target=\"_blank\" rel=\"noopener\">Info-Clic Entreprise<\/a> &#8211; <a href=\"https:\/\/reservxpert.ca\/\" target=\"_blank\" rel=\"noopener\">ReservXpert<\/a> &#8211; <a href=\"https:\/\/hebergement.reservxpert.ca\/\" target=\"_blank\" rel=\"noopener\">ReservXpert Systems de R\u00e9servation<\/a> &#8211; <a href=\"https:\/\/formation.reservxpert.ca\/\" target=\"_blank\" rel=\"noopener\">ReservXpert Formation<\/a> &#8211; <a href=\"https:\/\/reservxpert.ca\/rendez-vous\/\" target=\"_blank\" rel=\"noopener\">ReservXpert Prise de Rendez-vous<\/a><\/h6>\t\t\t\t\t\t\t\t<\/div>\n\t\t\t\t<\/div>\n\t\t\t\t\t<\/div>\n\t\t<\/div>\n\t\t\t\t\t<\/div>\n\t\t<\/section>\n\t\t\t\t<\/div>","protected":false},"excerpt":{"rendered":"<p>Mhzpower &#8211; Website &amp; Design &#8211; Web presence &#8211; Turnkey service &#8211; Static Website &#8211; Dynamic Website &#8211; Online Store &#8211; Transactional website &#8211; Inventory management<span class=\"excerpt-hellip\"> [\u2026]<\/span><\/p>\n","protected":false},"author":1,"featured_media":0,"parent":0,"menu_order":0,"comment_status":"closed","ping_status":"closed","template":"","meta":{"footnotes":""},"class_list":["post-238","page","type-page","status-publish","hentry"],"_links":{"self":[{"href":"https:\/\/mhzpower.ca\/fr\/wp-json\/wp\/v2\/pages\/238","targetHints":{"allow":["GET"]}}],"collection":[{"href":"https:\/\/mhzpower.ca\/fr\/wp-json\/wp\/v2\/pages"}],"about":[{"href":"https:\/\/mhzpower.ca\/fr\/wp-json\/wp\/v2\/types\/page"}],"author":[{"embeddable":true,"href":"https:\/\/mhzpower.ca\/fr\/wp-json\/wp\/v2\/users\/1"}],"replies":[{"embeddable":true,"href":"https:\/\/mhzpower.ca\/fr\/wp-json\/wp\/v2\/comments?post=238"}],"version-history":[{"count":8,"href":"https:\/\/mhzpower.ca\/fr\/wp-json\/wp\/v2\/pages\/238\/revisions"}],"predecessor-version":[{"id":359,"href":"https:\/\/mhzpower.ca\/fr\/wp-json\/wp\/v2\/pages\/238\/revisions\/359"}],"wp:attachment":[{"href":"https:\/\/mhzpower.ca\/fr\/wp-json\/wp\/v2\/media?parent=238"}],"curies":[{"name":"wp","href":"https:\/\/api.w.org\/{rel}","templated":true}]}}