{"id":2,"date":"2017-02-01T13:13:46","date_gmt":"2017-02-01T13:13:46","guid":{"rendered":"http:\/\/themes.muffingroup.com\/betheme\/?page_id=2"},"modified":"2025-01-17T01:16:57","modified_gmt":"2025-01-17T06:16:57","slug":"home","status":"publish","type":"page","link":"https:\/\/mhzpower.ca\/fr\/","title":{"rendered":"Accueil"},"content":{"rendered":"<div data-elementor-type=\"wp-page\" data-elementor-id=\"2\" class=\"elementor elementor-2\">\n\t\t\t\t\t\t<section class=\"elementor-section elementor-top-section elementor-element elementor-element-4d06dd1 elementor-section-boxed elementor-section-height-default elementor-section-height-default\" data-id=\"4d06dd1\" data-element_type=\"section\" data-e-type=\"section\">\n\t\t\t\t\t\t<div class=\"elementor-container elementor-column-gap-default\">\n\t\t\t\t\t<div class=\"elementor-column elementor-col-100 elementor-top-column elementor-element elementor-element-60d006f\" data-id=\"60d006f\" data-element_type=\"column\" data-e-type=\"column\">\n\t\t\t<div class=\"elementor-widget-wrap\">\n\t\t\t\t\t\t\t<\/div>\n\t\t<\/div>\n\t\t\t\t\t<\/div>\n\t\t<\/section>\n\t\t\t\t<section class=\"elementor-section elementor-top-section elementor-element elementor-element-17d0d7d elementor-section-full_width elementor-section-stretched elementor-section-height-default elementor-section-height-default\" data-id=\"17d0d7d\" data-element_type=\"section\" data-e-type=\"section\" data-settings=\"{&quot;stretch_section&quot;:&quot;section-stretched&quot;,&quot;background_background&quot;:&quot;classic&quot;}\">\n\t\t\t\t\t\t<div class=\"elementor-container elementor-column-gap-default\">\n\t\t\t\t\t<div class=\"elementor-column elementor-col-100 elementor-top-column elementor-element elementor-element-ad7d261\" data-id=\"ad7d261\" data-element_type=\"column\" data-e-type=\"column\">\n\t\t\t<div class=\"elementor-widget-wrap elementor-element-populated\">\n\t\t\t\t\t\t<div class=\"elementor-element elementor-element-038ed90 elementor-widget elementor-widget-text-editor\" data-id=\"038ed90\" data-element_type=\"widget\" data-e-type=\"widget\" data-widget_type=\"text-editor.default\">\n\t\t\t\t<div class=\"elementor-widget-container\">\n\t\t\t\t\t\t\t\t\t<h6 style=\"text-align: center;\"><a href=\"https:\/\/mhzpower.ca\/fr\/\">Accueil<\/a> &#8211; <a href=\"https:\/\/mhzpower.ca\/fr\/\">Mhzpower<\/a> &#8211; <a href=\"https:\/\/mhzpower.ca\/fr\/website-design\/\">Conception Web et Design<\/a> &#8211; <a href=\"https:\/\/mhzpower.ca\/fr\/graphics-and-design\/\">Graphisme et design<\/a> - H\u00e9bergement Web - <a href=\"https:\/\/mhzpower.ca\/fr\/seo-services\/\">Services SEO<\/a> - Noms de Domaines - Optimisation WordPress - Gestion de Projets - <a href=\"https:\/\/mhzpower.ca\/fr\/computer-services\/\">Services informatique<\/a> - Devis gratuit - <a href=\"https:\/\/mhzpower.ca\/fr\/privacy-policy\/\">Politique de confidentialit\u00e9<\/a> &#8211; <a href=\"https:\/\/mhzpower.ca\/fr\/terms-conditions\/\">Termes et Conditions<\/a> &#8211;\u00a0<a href=\"https:\/\/mhzpower.ca\/fr\/contact\/\">Contactez-nous<\/a> - Expertise - Boutique en ligne - Rendez-vous et R\u00e9servation - Inscription avec Abonnement - Syst\u00e8mes de r\u00e9servation - Applications mobiles - Blogue et Portfolio - Concessionnaires - Tutoriels et Base de Connaissances - <a href=\"https:\/\/info-clic.com\/\" target=\"_blank\" rel=\"noopener\">Info-Clic Social<\/a> &#8211; <a href=\"https:\/\/info-clic.info\/\" target=\"_blank\" rel=\"noopener\">Info-Clic Entreprise<\/a> &#8211; <a href=\"https:\/\/reservxpert.ca\/\" target=\"_blank\" rel=\"noopener\">ReservXpert<\/a> &#8211; <a href=\"https:\/\/hebergement.reservxpert.ca\/\" target=\"_blank\" rel=\"noopener\">ReservXpert Systems de R\u00e9servation<\/a> &#8211; <a href=\"https:\/\/formation.reservxpert.ca\/\" target=\"_blank\" rel=\"noopener\">ReservXpert Formation<\/a> &#8211; <a href=\"https:\/\/reservxpert.ca\/rendez-vous\/\" target=\"_blank\" rel=\"noopener\">ReservXpert Prise de Rendez-vous<\/a><\/h6>\t\t\t\t\t\t\t\t<\/div>\n\t\t\t\t<\/div>\n\t\t\t\t\t<\/div>\n\t\t<\/div>\n\t\t\t\t\t<\/div>\n\t\t<\/section>\n\t\t\t\t<\/div>","protected":false},"excerpt":{"rendered":"<p>Home &#8211; Mhzpower &#8211; Website &amp; Design &#8211; Graphics and design &#8211; Web Hosting Service &#8211; SEO services &#8211; Domain Names &#8211; Website Optimisation &#8211; Project<span class=\"excerpt-hellip\"> [\u2026]<\/span><\/p>\n","protected":false},"author":1,"featured_media":0,"parent":0,"menu_order":0,"comment_status":"closed","ping_status":"open","template":"","meta":{"footnotes":""},"class_list":["post-2","page","type-page","status-publish","hentry"],"_links":{"self":[{"href":"https:\/\/mhzpower.ca\/fr\/wp-json\/wp\/v2\/pages\/2","targetHints":{"allow":["GET"]}}],"collection":[{"href":"https:\/\/mhzpower.ca\/fr\/wp-json\/wp\/v2\/pages"}],"about":[{"href":"https:\/\/mhzpower.ca\/fr\/wp-json\/wp\/v2\/types\/page"}],"author":[{"embeddable":true,"href":"https:\/\/mhzpower.ca\/fr\/wp-json\/wp\/v2\/users\/1"}],"replies":[{"embeddable":true,"href":"https:\/\/mhzpower.ca\/fr\/wp-json\/wp\/v2\/comments?post=2"}],"version-history":[{"count":90,"href":"https:\/\/mhzpower.ca\/fr\/wp-json\/wp\/v2\/pages\/2\/revisions"}],"predecessor-version":[{"id":754,"href":"https:\/\/mhzpower.ca\/fr\/wp-json\/wp\/v2\/pages\/2\/revisions\/754"}],"wp:attachment":[{"href":"https:\/\/mhzpower.ca\/fr\/wp-json\/wp\/v2\/media?parent=2"}],"curies":[{"name":"wp","href":"https:\/\/api.w.org\/{rel}","templated":true}]}}